{"id":8043,"date":"2024-01-30T06:23:38","date_gmt":"2024-01-30T04:23:38","guid":{"rendered":"https:\/\/architektur-wissen.com\/?page_id=8043"},"modified":"2024-01-30T06:23:39","modified_gmt":"2024-01-30T04:23:39","slug":"herzlich-willkommen-auf-architekturwissen","status":"publish","type":"page","link":"http:\/\/architektur-wissen.com\/","title":{"rendered":"Herzlich Willkommen auf ArchitekturWissen"},"content":{"rendered":"\n<p>Leider befindet sich diese Seite noch im Aufbau. Wir bem\u00fchen uns schnellstm\u00f6glich dich bald hier begr\u00fc\u00dfen zu d\u00fcrfen.<\/p>\n\n\n\n<p>Dein AW-Team<\/p>\n","protected":false},"excerpt":{"rendered":"<p>Leider befindet sich diese Seite noch im Aufbau. Wir bem\u00fchen uns schnellstm\u00f6glich dich bald hier begr\u00fc\u00dfen zu d\u00fcrfen. Dein AW-Team<\/p>\n","protected":false},"author":1,"featured_media":0,"parent":0,"menu_order":0,"comment_status":"closed","ping_status":"closed","template":"","meta":{"footnotes":""},"_links":{"self":[{"href":"http:\/\/architektur-wissen.com\/index.php?rest_route=\/wp\/v2\/pages\/8043"}],"collection":[{"href":"http:\/\/architektur-wissen.com\/index.php?rest_route=\/wp\/v2\/pages"}],"about":[{"href":"http:\/\/architektur-wissen.com\/index.php?rest_route=\/wp\/v2\/types\/page"}],"author":[{"embeddable":true,"href":"http:\/\/architektur-wissen.com\/index.php?rest_route=\/wp\/v2\/users\/1"}],"replies":[{"embeddable":true,"href":"http:\/\/architektur-wissen.com\/index.php?rest_route=%2Fwp%2Fv2%2Fcomments&post=8043"}],"version-history":[{"count":1,"href":"http:\/\/architektur-wissen.com\/index.php?rest_route=\/wp\/v2\/pages\/8043\/revisions"}],"predecessor-version":[{"id":8044,"href":"http:\/\/architektur-wissen.com\/index.php?rest_route=\/wp\/v2\/pages\/8043\/revisions\/8044"}],"wp:attachment":[{"href":"http:\/\/architektur-wissen.com\/index.php?rest_route=%2Fwp%2Fv2%2Fmedia&parent=8043"}],"curies":[{"name":"wp","href":"https:\/\/api.w.org\/{rel}","templated":true}]}}